{"id":29486,"date":"2024-02-24T10:50:59","date_gmt":"2024-02-24T09:50:59","guid":{"rendered":"https:\/\/le-marechal.ch\/?page_id=29486"},"modified":"2024-04-07T21:56:39","modified_gmt":"2024-04-07T19:56:39","slug":"politique-en-matiere-de-remboursements-et-de-retours","status":"publish","type":"page","link":"https:\/\/le-marechal.ch\/en\/politique-en-matiere-de-remboursements-et-de-retours\/","title":{"rendered":"Politique en mati\u00e8re de remboursements et de retours"},"content":{"rendered":"\n<p>1.1. Accord de livraison<\/p>\n\n\n\n<p>Nous assurons la livraison de nos produits exclusivement en Suisse. Les d\u00e9tails contractuels seront confirm\u00e9s via courriel \u00e0 l\u2019adresse que vous aurez fournie. Il est donc crucial de v\u00e9rifier toutes les informations relatives \u00e0 votre commande. En cas de soucis, veuillez nous contacter rapidement. Les documents num\u00e9riques stock\u00e9s dans nos syst\u00e8mes informatiques serviront de preuves officielles de transactions, telles que les commandes et les paiements. L\u2019archivage des commandes et des factures se fait sur un support s\u00e9curis\u00e9 et durable, pr\u00eat \u00e0 \u00eatre utilis\u00e9 comme preuve.<\/p>\n\n\n\n<p>1.2. D\u00e9lais de distribution<\/p>\n\n\n\n<p>Les commandes pass\u00e9es du lundi au jeudi avant 11h00 seront, dans la mesure du possible, livr\u00e9es le lendemain. Les commandes r\u00e9alis\u00e9es du jeudi (apr\u00e8s 11h) au dimanche seront, si possible, exp\u00e9di\u00e9es le lundi suivant. Certaines p\u00e9riodes peuvent \u00eatre exempt\u00e9es de livraison, notamment lors d\u2019\u00e9v\u00e9nements exceptionnels. Les livraisons ne se font pas le dimanche ni les jours f\u00e9ri\u00e9s nationaux et cantonaux. Un retard ou une perte de produit peut survenir; dans ce cas, nous prendrons contact avec le service de livraison pour entamer une enqu\u00eate. Tout sera mis en \u0153uvre pour retrouver le colis, mais notre responsabilit\u00e9 ne peut \u00eatre engag\u00e9e en cas de retard d\u00fb au transporteur, y compris pour les pertes, les intemp\u00e9ries ou les gr\u00e8ves.<\/p>\n\n\n\n<p>1.3. Livraison Fra\u00eecheur<\/p>\n\n\n\n<p>La plupart de nos produits n\u00e9cessitent une conservation au froid. Nous nous engageons \u00e0 garantir que ces produits soient livr\u00e9s dans un \u00e9tat parfait. Selon l\u2019art. 24 de l&#8217;OHyg, certaines normes de r\u00e9frig\u00e9ration sont d\u00e9finies pour \u00e9viter la prolif\u00e9ration de micro-organismes ou la formation de toxines. La cha\u00eene du froid ne doit \u00eatre interrompue que bri\u00e8vement si n\u00e9cessaire, sans risquer la sant\u00e9 des consommateurs.<\/p>\n\n\n\n<p>1.4. Co\u00fbts de livraison<\/p>\n\n\n\n<p>Les envois sont r\u00e9alis\u00e9s via un service prioritaire. Les frais de port sont offerts pour toute commande sup\u00e9rieure \u00e0 100 CHF. Pour les commandes inf\u00e9rieures \u00e0 cette somme, les frais de port s&#8217;\u00e9l\u00e8vent \u00e0 10 CHF.<\/p>\n\n\n\n<p>1.5. Annulation et retour<\/p>\n\n\n\n<p>Le client est responsable des produits une fois livr\u00e9s. Il est possible d\u2019annuler ou de modifier une commande jusqu\u2019\u00e0 son traitement logistique. Toute r\u00e9clamation doit \u00eatre faite dans les 10 jours suivant la r\u00e9ception.<\/p>\n\n\n\n<p>2. S\u00e9curit\u00e9 du compte<\/p>\n\n\n\n<p>Pour cr\u00e9er un compte sur notre boutique, un mot de passe personnel vous sera demand\u00e9. Ce mot de passe doit rester confidentiel et ne jamais \u00eatre partag\u00e9. Vous \u00eates responsable de l\u2019usage de votre compte et mot de passe. Contactez-nous imm\u00e9diatement en cas de probl\u00e8me.<\/p>\n\n\n\n<p>3. Pr\u00e9sentation des produits<\/p>\n\n\n\n<p>Le Mar\u00e9chal propose des descriptions et images de ses produits \u00e0 des fins informatives. Nous veillons \u00e0 la pr\u00e9cision de ces informations. Les prix incluent la TVA et sont valides au moment de la commande.<\/p>\n\n\n\n<p>4. Protection des donn\u00e9es<\/p>\n\n\n\n<p>Nous assurons la confidentialit\u00e9 de vos donn\u00e9es, partag\u00e9es seulement avec des tiers n\u00e9cessaires \u00e0 la livraison.<\/p>\n\n\n\n<p>5. Allerg\u00e8nes<\/p>\n\n\n\n<p>Nous conseillons de lire attentivement la composition de nos produits. Le Mar\u00e9chal d\u00e9cline toute responsabilit\u00e9 en cas de r\u00e9action allergique ou autre probl\u00e8me de sant\u00e9 li\u00e9 \u00e0 la consommation de ses produits.<\/p>\n\n\n\n<p>6. Informations l\u00e9gales<\/p>\n\n\n\n<p>Le Mar\u00e9chal, Chem. des Loveresses 8, 1523 Granges-pr\u00e8s-Marnand. Le for juridique se situe au si\u00e8ge de l\u2019entreprise, \u00e0 1523 Granges-pr\u00e8s-Marnand.<\/p>\n","protected":false},"excerpt":{"rendered":"<p>1.1. Accord de livraison Nous assurons la livraison de nos produits exclusivement en Suisse. Les d\u00e9tails contractuels seront confirm\u00e9s via courriel \u00e0 l\u2019adresse que vous aurez fournie. Il est donc crucial de v\u00e9rifier toutes les informations relatives \u00e0 votre commande. En cas de soucis, veuillez nous contacter rapidement. Les documents num\u00e9riques stock\u00e9s dans nos syst\u00e8mes [&hellip;]<\/p>\n","protected":false},"author":1,"featured_media":0,"parent":0,"menu_order":0,"comment_status":"closed","ping_status":"closed","template":"","meta":{"_acf_changed":false,"footnotes":""},"class_list":["post-29486","page","type-page","status-publish","hentry"],"acf":[],"_links":{"self":[{"href":"https:\/\/le-marechal.ch\/en\/wp-json\/wp\/v2\/pages\/29486","targetHints":{"allow":["GET"]}}],"collection":[{"href":"https:\/\/le-marechal.ch\/en\/wp-json\/wp\/v2\/pages"}],"about":[{"href":"https:\/\/le-marechal.ch\/en\/wp-json\/wp\/v2\/types\/page"}],"author":[{"embeddable":true,"href":"https:\/\/le-marechal.ch\/en\/wp-json\/wp\/v2\/users\/1"}],"replies":[{"embeddable":true,"href":"https:\/\/le-marechal.ch\/en\/wp-json\/wp\/v2\/comments?post=29486"}],"version-history":[{"count":1,"href":"https:\/\/le-marechal.ch\/en\/wp-json\/wp\/v2\/pages\/29486\/revisions"}],"predecessor-version":[{"id":29487,"href":"https:\/\/le-marechal.ch\/en\/wp-json\/wp\/v2\/pages\/29486\/revisions\/29487"}],"wp:attachment":[{"href":"https:\/\/le-marechal.ch\/en\/wp-json\/wp\/v2\/media?parent=29486"}],"curies":[{"name":"wp","href":"https:\/\/api.w.org\/{rel}","templated":true}]}}